{"id":134,"date":"2014-12-28T13:50:16","date_gmt":"2014-12-28T11:50:16","guid":{"rendered":"http:\/\/maler.sebu-media.de\/?page_id=134"},"modified":"2015-03-13T00:09:58","modified_gmt":"2015-03-12T22:09:58","slug":"leistungen","status":"publish","type":"page","link":"https:\/\/maler.sebu-media.de\/?page_id=134","title":{"rendered":"Leistungen"},"content":{"rendered":"<h1><strong>Streichen und Lackieren<\/strong><\/h1>\n<p>Die passende\u00a0Streich und Lackiertechnik will gelernt sein, daher vertrauen Sie Ihrem Malermeister und lassen sich von uns umfassend beraten.\u00a0Um Ihnen ein optimales Wohngef\u00fchl und eine maximale Erholung in den eigenen vier W\u00e4nden zu verschaffen setzen wir \u00fcberwiegend Umweltfreundliche und Emulsionsfreie bzw arme Materialien ein.<\/p>\n<h1><strong>Tapezieren<\/strong><\/h1>\n<p>Tapezieren ist mehr als einfach nur Tapeten an die Wand zu bringen. Wir freuen uns Ihnen die M\u00f6glichkeiten der Tapezierkunst mit unserer gro\u00dfen Auswahl an Tapetenb\u00fcchern und Mustern zu pr\u00e4sentieren.<\/p>\n<p>&nbsp;<\/p>\n<h1><strong>Trockenbau<\/strong><\/h1>\n<p>Durch die M\u00f6glichkeiten des Trockenbaues ist es f\u00fcr immer mehr Kunden interessant bei Umbauarbeiten oder den anstehenden Tapetenwechsel gekonnt M\u00f6bel, Bilder, Schmuckst\u00fccke oder den Fernseher in\u00a0Szene zu setzen. Die eingebrachten Trockenbauelemente k\u00f6nnen durch zus\u00e4tzliche Profilleisten an Decke und W\u00e4nden weiter aufgewertet werden. Durch unsere breite Auswahl an Mustern finden wir mit Sicherheit das passende f\u00fcr Ihr Raumprojekt.<\/p>\n<h1><strong>Renovierungs-und Verputzarbeiten<\/strong><\/h1>\n<p>Im Bereich der Innenraumerneuerung \u00fcbernehmen\u00a0wir s\u00e4mtliche Vorarbeiten wie \u00a0verputzen von Kabelschlitzen, Wanddurchbr\u00fcche\u00a0sowie\u00a0das spachteln der W\u00e4nde gerne f\u00fcr Sie. Eine professionelle Vorarbeit ist die Grundlage f\u00fcr\u00a0ein sauberes Ergebnis.<\/p>\n<h1><strong>Bodenbelag<\/strong><\/h1>\n<p>Nichts wertet einen Raum Nachhaltiger auf als ein neuer Boden. Wir verlegen nach Wunsch, PVC-Bel\u00e4ge, Laminatb\u00f6den, Designb\u00f6den, Teppichb\u00f6den sowie Echtholzb\u00f6den f\u00fcr Sie, wir freuen uns Ihnen die Unterschiede zu zeigen. Um den passenden Boden f\u00fcr Ihr Zuhause zu finden setzen wir auf Qualit\u00e4tsprodukte der Firmen Joka und Farben Volz.<\/p>\n<h1><strong>Schmucktechniken<\/strong><\/h1>\n<p>Durch stetige Fort und Weiterbildungen sind wir in der Lage ihnen jederzeit die passende Malertechnik anzubieten.<br \/>\nDie Kombination verschiedener Streich- und Spachteltechniken in Verbindung mit einer sauberen Arbeitsweise garantieren Ihnen wundersch\u00f6ne W\u00e4nde und R\u00e4ume.<\/p>\n<p>&nbsp;<\/p>\n<h1><strong>Schimmelpilzsanierung<\/strong><\/h1>\n<p>Schimmel ist in vielen Wohnungen und H\u00e4usern nicht nur ein dauerhaftes Streitthema sondern auch eine Gefahr f\u00fcr ihre Gesundheit. Schimmelentfernung mu\u00df daher professionell durchgef\u00fchrt werden.<\/p>\n<p>Schimmelpilzsanierung ist seit vielen Jahren Schwerpunkt unserer Arbeit und durch unsere Teilnahme an der Sachkundenachweis Schimmelpilzsanierung\u00a0sind wir befugt diese Arbeiten auszuf\u00fchren.<\/p>\n<p>&nbsp;<\/p>\n<p>Schimmel hat in der heutigen Zeit meist mehrere Ursachen, hierbei ist es nicht nur wichtig den Schimmel zu entfernen sondern dauerhaft das Problem in den Griff zu bekommen. Sprechen Sie uns an, es geht um Ihre Gesundheit.<\/p>\n<h2><strong>Fassadengestaltung<\/strong><\/h2>\n<p>Fassadengestaltung erfordert eine Menge an Technik und Fachwissen damit Sie auch in vielen Jahren noch Freude an Ihrer Fassade haben. Wir beraten Sie umfassend von Farbgestaltung \u00fcber die Auswahl geeigneter Produkte und Materialien bis hin zur Fertigstellung.<\/p>\n","protected":false},"excerpt":{"rendered":"<p>Streichen und Lackieren<\/p>\n<p>Die passende\u00a0Streich und Lackiertechnik will gelernt sein, daher vertrauen Sie Ihrem Malermeister und lassen sich von uns umfassend beraten.\u00a0Um Ihnen ein optimales Wohngef\u00fchl und eine maximale Erholung in den eigenen vier W\u00e4nden zu verschaffen setzen wir \u00fcberwiegend Umweltfreundliche und Emulsionsfreie bzw arme Materialien ein.<\/p>\n<p>Tapezieren<\/p>\n<p>Tapezieren ist mehr als einfach<\/p>\n","protected":false},"author":1,"featured_media":0,"parent":0,"menu_order":4,"comment_status":"open","ping_status":"open","template":"page-fullwidth.php","meta":{"footnotes":""},"_links":{"self":[{"href":"https:\/\/maler.sebu-media.de\/index.php?rest_route=\/wp\/v2\/pages\/134"}],"collection":[{"href":"https:\/\/maler.sebu-media.de\/index.php?rest_route=\/wp\/v2\/pages"}],"about":[{"href":"https:\/\/maler.sebu-media.de\/index.php?rest_route=\/wp\/v2\/types\/page"}],"author":[{"embeddable":true,"href":"https:\/\/maler.sebu-media.de\/index.php?rest_route=\/wp\/v2\/users\/1"}],"replies":[{"embeddable":true,"href":"https:\/\/maler.sebu-media.de\/index.php?rest_route=%2Fwp%2Fv2%2Fcomments&post=134"}],"version-history":[{"count":2,"href":"https:\/\/maler.sebu-media.de\/index.php?rest_route=\/wp\/v2\/pages\/134\/revisions"}],"predecessor-version":[{"id":170,"href":"https:\/\/maler.sebu-media.de\/index.php?rest_route=\/wp\/v2\/pages\/134\/revisions\/170"}],"wp:attachment":[{"href":"https:\/\/maler.sebu-media.de\/index.php?rest_route=%2Fwp%2Fv2%2Fmedia&parent=134"}],"curies":[{"name":"wp","href":"https:\/\/api.w.org\/{rel}","templated":true}]}}